{"id":974,"date":"2019-09-26T23:48:10","date_gmt":"2019-09-26T23:48:10","guid":{"rendered":"https:\/\/elbosquedelcicloverde.mx\/2025-26\/?page_id=974"},"modified":"2025-09-30T19:13:46","modified_gmt":"2025-10-01T01:13:46","slug":"nuestra-historia","status":"publish","type":"page","link":"https:\/\/elbosquedelcicloverde.mx\/2025-26\/nuestra-historia\/","title":{"rendered":"Nuestra Historia"},"content":{"rendered":"\t\t<div data-elementor-type=\"wp-page\" data-elementor-id=\"974\" class=\"elementor elementor-974\" data-elementor-post-type=\"page\">\n\t\t\t\t\t\t<section class=\"elementor-section elementor-top-section elementor-element elementor-element-5dddfa8f elementor-section-stretched elementor-section-boxed elementor-section-height-default elementor-section-height-default\" data-id=\"5dddfa8f\" data-element_type=\"section\" data-e-type=\"section\" data-settings=\"{&quot;stretch_section&quot;:&quot;section-stretched&quot;,&quot;background_background&quot;:&quot;classic&quot;,&quot;shape_divider_bottom&quot;:&quot;mountains&quot;}\">\n\t\t\t\t\t<div class=\"elementor-shape elementor-shape-bottom\" aria-hidden=\"true\" data-negative=\"false\">\n\t\t\t<svg xmlns=\"http:\/\/www.w3.org\/2000\/svg\" viewBox=\"0 0 1000 100\" preserveAspectRatio=\"none\">\n\t<path class=\"elementor-shape-fill\" opacity=\"0.33\" d=\"M473,67.3c-203.9,88.3-263.1-34-320.3,0C66,119.1,0,59.7,0,59.7V0h1000v59.7 c0,0-62.1,26.1-94.9,29.3c-32.8,3.3-62.8-12.3-75.8-22.1C806,49.6,745.3,8.7,694.9,4.7S492.4,59,473,67.3z\"\/>\n\t<path class=\"elementor-shape-fill\" opacity=\"0.66\" d=\"M734,67.3c-45.5,0-77.2-23.2-129.1-39.1c-28.6-8.7-150.3-10.1-254,39.1 s-91.7-34.4-149.2,0C115.7,118.3,0,39.8,0,39.8V0h1000v36.5c0,0-28.2-18.5-92.1-18.5C810.2,18.1,775.7,67.3,734,67.3z\"\/>\n\t<path class=\"elementor-shape-fill\" d=\"M766.1,28.9c-200-57.5-266,65.5-395.1,19.5C242,1.8,242,5.4,184.8,20.6C128,35.8,132.3,44.9,89.9,52.5C28.6,63.7,0,0,0,0 h1000c0,0-9.9,40.9-83.6,48.1S829.6,47,766.1,28.9z\"\/>\n<\/svg>\t\t<\/div>\n\t\t\t\t\t<div class=\"elementor-container elementor-column-gap-default\">\n\t\t\t\t\t<div class=\"elementor-column elementor-col-100 elementor-top-column elementor-element elementor-element-2bfcd784\" data-id=\"2bfcd784\" data-element_type=\"column\" data-e-type=\"column\">\n\t\t\t<div class=\"elementor-widget-wrap elementor-element-populated\">\n\t\t\t\t\t\t<div class=\"elementor-element elementor-element-5a4e7fba elementor-widget elementor-widget-heading\" data-id=\"5a4e7fba\" data-element_type=\"widget\" data-e-type=\"widget\" data-widget_type=\"heading.default\">\n\t\t\t\t<div class=\"elementor-widget-container\">\n\t\t\t\t\t<h1 class=\"elementor-heading-title elementor-size-default\">Nuestra Historia<\/h1>\t\t\t\t<\/div>\n\t\t\t\t<\/div>\n\t\t\t\t\t<\/div>\n\t\t<\/div>\n\t\t\t\t\t<\/div>\n\t\t<\/section>\n\t\t\t\t<section class=\"elementor-section elementor-top-section elementor-element elementor-element-59f99da2 elementor-section-stretched elementor-section-boxed elementor-section-height-default elementor-section-height-default\" data-id=\"59f99da2\" data-element_type=\"section\" data-e-type=\"section\" data-settings=\"{&quot;stretch_section&quot;:&quot;section-stretched&quot;}\">\n\t\t\t\t\t\t<div class=\"elementor-container elementor-column-gap-default\">\n\t\t\t\t\t<div class=\"elementor-column elementor-col-100 elementor-top-column elementor-element elementor-element-5d190ac7\" data-id=\"5d190ac7\" data-element_type=\"column\" data-e-type=\"column\">\n\t\t\t<div class=\"elementor-widget-wrap elementor-element-populated\">\n\t\t\t\t\t\t<section class=\"elementor-section elementor-inner-section elementor-element elementor-element-4d938be1 elementor-section-boxed elementor-section-height-default elementor-section-height-default\" data-id=\"4d938be1\" data-element_type=\"section\" data-e-type=\"section\">\n\t\t\t\t\t\t<div class=\"elementor-container elementor-column-gap-default\">\n\t\t\t\t\t<div class=\"elementor-column elementor-col-50 elementor-inner-column elementor-element elementor-element-2ef5698c\" data-id=\"2ef5698c\" data-element_type=\"column\" data-e-type=\"column\">\n\t\t\t<div class=\"elementor-widget-wrap elementor-element-populated\">\n\t\t\t\t\t\t<div class=\"elementor-element elementor-element-26f548c elementor-invisible elementor-widget elementor-widget-image\" data-id=\"26f548c\" data-element_type=\"widget\" data-e-type=\"widget\" data-settings=\"{&quot;_animation&quot;:&quot;fadeInUp&quot;}\" data-widget_type=\"image.default\">\n\t\t\t\t<div class=\"elementor-widget-container\">\n\t\t\t\t\t\t\t\t\t\t\t\t\t\t\t<img decoding=\"async\" src=\"https:\/\/i0.wp.com\/elbosquedelcicloverde.mx\/2025-26\/wp-content\/uploads\/2019\/09\/premio-innovacion.png?fit=180%2C180&#038;ssl=1\" title=\"premio-innovacion\" alt=\"premio-innovacion\" loading=\"lazy\" \/>\t\t\t\t\t\t\t\t\t\t\t\t\t\t\t<\/div>\n\t\t\t\t<\/div>\n\t\t\t\t<div class=\"elementor-element elementor-element-be83c55 elementor-widget elementor-widget-text-editor\" data-id=\"be83c55\" data-element_type=\"widget\" data-e-type=\"widget\" data-widget_type=\"text-editor.default\">\n\t\t\t\t<div class=\"elementor-widget-container\">\n\t\t\t\t\t\t\t\t\t<p style=\"text-align: center;\">Despu\u00e9s de revisar distintos factores t\u00e9cnicos y de impacto enfocado hacia la sustentabilidad, hemos sido galardonados con este premio.<\/p>\t\t\t\t\t\t\t\t<\/div>\n\t\t\t\t<\/div>\n\t\t\t\t<div class=\"elementor-element elementor-element-260c8645 elementor-invisible elementor-widget elementor-widget-image\" data-id=\"260c8645\" data-element_type=\"widget\" data-e-type=\"widget\" data-settings=\"{&quot;_animation&quot;:&quot;fadeInUp&quot;}\" data-widget_type=\"image.default\">\n\t\t\t\t<div class=\"elementor-widget-container\">\n\t\t\t\t\t\t\t\t\t\t\t\t\t\t\t<img decoding=\"async\" src=\"https:\/\/i0.wp.com\/elbosquedelcicloverde.mx\/2025-26\/wp-content\/uploads\/2019\/09\/premio-merito.png?fit=180%2C180&#038;ssl=1\" title=\"premio-merito\" alt=\"premio-merito\" loading=\"lazy\" \/>\t\t\t\t\t\t\t\t\t\t\t\t\t\t\t<\/div>\n\t\t\t\t<\/div>\n\t\t\t\t<div class=\"elementor-element elementor-element-6584e5c5 elementor-widget elementor-widget-text-editor\" data-id=\"6584e5c5\" data-element_type=\"widget\" data-e-type=\"widget\" data-widget_type=\"text-editor.default\">\n\t\t\t\t<div class=\"elementor-widget-container\">\n\t\t\t\t\t\t\t\t\t<p style=\"text-align: center;\">El cuidadoso manejo del bosque, hizo a Ciclo Verde acreedor al Premio Nacional Forestal, galard\u00f3n que avala la sustentabilidad de la plantaci\u00f3n y la calidad de nuestros \u00e1rboles.<\/p>\t\t\t\t\t\t\t\t<\/div>\n\t\t\t\t<\/div>\n\t\t\t\t\t<\/div>\n\t\t<\/div>\n\t\t\t\t<div class=\"elementor-column elementor-col-50 elementor-inner-column elementor-element elementor-element-20182c34\" data-id=\"20182c34\" data-element_type=\"column\" data-e-type=\"column\">\n\t\t\t<div class=\"elementor-widget-wrap elementor-element-populated\">\n\t\t\t\t\t\t<div class=\"elementor-element elementor-element-6f7e6a57 elementor-widget elementor-widget-text-editor\" data-id=\"6f7e6a57\" data-element_type=\"widget\" data-e-type=\"widget\" data-widget_type=\"text-editor.default\">\n\t\t\t\t<div class=\"elementor-widget-container\">\n\t\t\t\t\t\t\t\t\t<p style=\"text-align: justify;\">El Ciclo Verde como empresa familiar cada Navidad comparti\u00f3 sus sue\u00f1os promoviendo la cultura forestal y el manejo sustentable del bosque.<\/p>\n<p style=\"text-align: justify;\">Hace tres d\u00e9cadas abri\u00f3 sus puertas y se covirti\u00f3 en una tradici\u00f3n para miles de familias mexicanas venir a comer en el \u00e1rea de picnic, disfrutar de las fogatas, y por supuesto, <b>escoger y cortar<\/b> uno de los <b>\u00e1rboles de Navidad<\/b> que con esmero producimos, cuidamos y podamos durante 7 a\u00f1os.<\/p>\t\t\t\t\t\t\t\t<\/div>\n\t\t\t\t<\/div>\n\t\t\t\t<div class=\"elementor-element elementor-element-8a99e22 elementor-widget elementor-widget-text-editor\" data-id=\"8a99e22\" data-element_type=\"widget\" data-e-type=\"widget\" data-widget_type=\"text-editor.default\">\n\t\t\t\t<div class=\"elementor-widget-container\">\n\t\t\t\t\t\t\t\t\t<p style=\"text-align: justify;\">Como parteaguas en nuestra historia, en 2015 naci\u00f3 el corporativo de \u201c<b>El Bosque del Ciclo Verde<\/b>\u201d y con \u00e9l, un parque tem\u00e1tico navide\u00f1o \u00fanico e inolvidable al que denominamos <b>No\u00ebl<\/b>. A finales del oto\u00f1o, los personajes mas emblem\u00e1ticos de la Navidad cobran vida, en un entorno de luces y alegr\u00eda creando una ilusi\u00f3n que perdura en el recuerdo de chicos y grandes.<\/p><p style=\"text-align: justify;\">Asimismo, durante la primavera y el verano presentamos \u201c<a href=\"https:\/\/elbosquedelcicloverde.mx\/2025-26\/silvoaventura\/\"><b>Silvoaventura<\/b><\/a>, un Bosque de Diversi\u00f3n y Cultura\u201d, programa en el que se desarrollan actividades de recreaci\u00f3n y aprendizaje del manejo de los recursos naturales, bajo el esquema de grupos organizados. Ofrecemos adem\u00e1s, durante esta temporada, \u201c<a href=\"https:\/\/elbosquedelcicloverde.mx\/2025-26\/liquen-eventos\/\"><b>Espacio Liquen<\/b><\/a>\u201d, una forma original y diferente de realizar eventos sociales y corporativos en el coraz\u00f3n del bosque.<\/p><p style=\"text-align: justify;\">Todos estos proyectos han sido creados por nosotros, disfrutando de su realizaci\u00f3n desde que fueron concebidos, teniendo como objetivo principal ofrecerle a nuestros visitantes una fabulosa experiencia en los bosques de M\u00e9xico.<\/p><p style=\"text-align: justify;\"><strong>\u00a1Gracias por su preferencia!<\/strong><\/p>\t\t\t\t\t\t\t\t<\/div>\n\t\t\t\t<\/div>\n\t\t\t\t\t<\/div>\n\t\t<\/div>\n\t\t\t\t\t<\/div>\n\t\t<\/section>\n\t\t\t\t<section class=\"elementor-section elementor-inner-section elementor-element elementor-element-34630d1 elementor-section-boxed elementor-section-height-default elementor-section-height-default\" data-id=\"34630d1\" data-element_type=\"section\" data-e-type=\"section\">\n\t\t\t\t\t\t<div class=\"elementor-container elementor-column-gap-default\">\n\t\t\t\t\t<div class=\"elementor-column elementor-col-50 elementor-inner-column elementor-element elementor-element-7cd517b\" data-id=\"7cd517b\" data-element_type=\"column\" data-e-type=\"column\">\n\t\t\t<div class=\"elementor-widget-wrap\">\n\t\t\t\t\t\t\t<\/div>\n\t\t<\/div>\n\t\t\t\t<div class=\"elementor-column elementor-col-50 elementor-inner-column elementor-element elementor-element-8b38f9f\" data-id=\"8b38f9f\" data-element_type=\"column\" data-e-type=\"column\">\n\t\t\t<div class=\"elementor-widget-wrap\">\n\t\t\t\t\t\t\t<\/div>\n\t\t<\/div>\n\t\t\t\t\t<\/div>\n\t\t<\/section>\n\t\t\t\t\t<\/div>\n\t\t<\/div>\n\t\t\t\t\t<\/div>\n\t\t<\/section>\n\t\t\t\t<section class=\"elementor-section elementor-top-section elementor-element elementor-element-7a9bd02f elementor-section-stretched elementor-section-boxed elementor-section-height-default elementor-section-height-default\" data-id=\"7a9bd02f\" data-element_type=\"section\" data-e-type=\"section\" data-settings=\"{&quot;stretch_section&quot;:&quot;section-stretched&quot;}\">\n\t\t\t\t\t\t<div class=\"elementor-container elementor-column-gap-default\">\n\t\t\t\t\t<div class=\"elementor-column elementor-col-100 elementor-top-column elementor-element elementor-element-7521aa8\" data-id=\"7521aa8\" data-element_type=\"column\" data-e-type=\"column\">\n\t\t\t<div class=\"elementor-widget-wrap elementor-element-populated\">\n\t\t\t\t\t\t<div class=\"elementor-element elementor-element-35015260 elementor-widget-divider--view-line elementor-widget elementor-widget-divider\" data-id=\"35015260\" data-element_type=\"widget\" data-e-type=\"widget\" data-widget_type=\"divider.default\">\n\t\t\t\t<div class=\"elementor-widget-container\">\n\t\t\t\t\t\t\t<div class=\"elementor-divider\">\n\t\t\t<span class=\"elementor-divider-separator\">\n\t\t\t\t\t\t<\/span>\n\t\t<\/div>\n\t\t\t\t\t\t<\/div>\n\t\t\t\t<\/div>\n\t\t\t\t<section class=\"elementor-section elementor-inner-section elementor-element elementor-element-23d6a75f elementor-section-boxed elementor-section-height-default elementor-section-height-default\" data-id=\"23d6a75f\" data-element_type=\"section\" data-e-type=\"section\">\n\t\t\t\t\t\t<div class=\"elementor-container elementor-column-gap-default\">\n\t\t\t\t\t<div class=\"elementor-column elementor-col-25 elementor-inner-column elementor-element elementor-element-bf288f1\" data-id=\"bf288f1\" data-element_type=\"column\" data-e-type=\"column\">\n\t\t\t<div class=\"elementor-widget-wrap\">\n\t\t\t\t\t\t\t<\/div>\n\t\t<\/div>\n\t\t\t\t<div class=\"elementor-column elementor-col-25 elementor-inner-column elementor-element elementor-element-d2aa905\" data-id=\"d2aa905\" data-element_type=\"column\" data-e-type=\"column\">\n\t\t\t<div class=\"elementor-widget-wrap\">\n\t\t\t\t\t\t\t<\/div>\n\t\t<\/div>\n\t\t\t\t<div class=\"elementor-column elementor-col-25 elementor-inner-column elementor-element elementor-element-8fa3201\" data-id=\"8fa3201\" data-element_type=\"column\" data-e-type=\"column\">\n\t\t\t<div class=\"elementor-widget-wrap\">\n\t\t\t\t\t\t\t<\/div>\n\t\t<\/div>\n\t\t\t\t<div class=\"elementor-column elementor-col-25 elementor-inner-column elementor-element elementor-element-676422fd\" data-id=\"676422fd\" data-element_type=\"column\" data-e-type=\"column\">\n\t\t\t<div class=\"elementor-widget-wrap\">\n\t\t\t\t\t\t\t<\/div>\n\t\t<\/div>\n\t\t\t\t<div class=\"elementor-column elementor-col-25 elementor-inner-column elementor-element elementor-element-508ccab2\" data-id=\"508ccab2\" data-element_type=\"column\" data-e-type=\"column\">\n\t\t\t<div class=\"elementor-widget-wrap\">\n\t\t\t\t\t\t\t<\/div>\n\t\t<\/div>\n\t\t\t\t\t<\/div>\n\t\t<\/section>\n\t\t\t\t\t<\/div>\n\t\t<\/div>\n\t\t\t\t\t<\/div>\n\t\t<\/section>\n\t\t\t\t<\/div>\n\t\t","protected":false},"excerpt":{"rendered":"<p>Nuestra Historia Despu\u00e9s de revisar distintos factores t\u00e9cnicos y de impacto enfocado hacia la sustentabilidad, hemos sido galardonados con este premio. El cuidadoso manejo del bosque, hizo a Ciclo Verde acreedor al Premio Nacional Forestal, galard\u00f3n que avala la sustentabilidad de la plantaci\u00f3n y la calidad de nuestros \u00e1rboles. El Ciclo Verde como empresa familiar [&hellip;]<\/p>\n","protected":false},"author":2,"featured_media":0,"parent":0,"menu_order":0,"comment_status":"closed","ping_status":"closed","template":"elementor_header_footer","meta":{"_joinchat":[],"footnotes":""},"class_list":["post-974","page","type-page","status-publish","hentry"],"yoast_head":"<!-- This site is optimized with the Yoast SEO plugin v27.3 - https:\/\/yoast.com\/product\/yoast-seo-wordpress\/ -->\n<title>Nuestra Historia - El Bosque del Ciclo Verde<\/title>\n<meta name=\"robots\" content=\"index, follow, max-snippet:-1, max-image-preview:large, max-video-preview:-1\" \/>\n<link rel=\"canonical\" href=\"https:\/\/elbosquedelcicloverde.mx\/2025-26\/nuestra-historia\/\" \/>\n<meta property=\"og:locale\" content=\"es_ES\" \/>\n<meta property=\"og:type\" content=\"article\" \/>\n<meta property=\"og:title\" content=\"Nuestra Historia - El Bosque del Ciclo Verde\" \/>\n<meta property=\"og:description\" content=\"Nuestra Historia Despu\u00e9s de revisar distintos factores t\u00e9cnicos y de impacto enfocado hacia la sustentabilidad, hemos sido galardonados con este premio. El cuidadoso manejo del bosque, hizo a Ciclo Verde acreedor al Premio Nacional Forestal, galard\u00f3n que avala la sustentabilidad de la plantaci\u00f3n y la calidad de nuestros \u00e1rboles. El Ciclo Verde como empresa familiar [&hellip;]\" \/>\n<meta property=\"og:url\" content=\"https:\/\/elbosquedelcicloverde.mx\/2025-26\/nuestra-historia\/\" \/>\n<meta property=\"og:site_name\" content=\"El Bosque del Ciclo Verde\" \/>\n<meta property=\"article:publisher\" content=\"http:\/\/www.facebook.com\/bosquecicloverd\" \/>\n<meta property=\"article:modified_time\" content=\"2025-10-01T01:13:46+00:00\" \/>\n<meta property=\"og:image\" content=\"https:\/\/elbosquedelcicloverde.mx\/2025-26\/wp-content\/uploads\/elementor\/thumbs\/premio-innovacion-odl7erwd234q02bgrxa7yi7iqzk0vp753dpcwti2vc.png\" \/>\n<meta name=\"twitter:card\" content=\"summary_large_image\" \/>\n<meta name=\"twitter:site\" content=\"@bosquecicloverd\" \/>\n<meta name=\"twitter:label1\" content=\"Tiempo de lectura\" \/>\n\t<meta name=\"twitter:data1\" content=\"2 minutos\" \/>\n<script type=\"application\/ld+json\" class=\"yoast-schema-graph\">{\"@context\":\"https:\\\/\\\/schema.org\",\"@graph\":[{\"@type\":\"WebPage\",\"@id\":\"https:\\\/\\\/elbosquedelcicloverde.mx\\\/2025-26\\\/nuestra-historia\\\/\",\"url\":\"https:\\\/\\\/elbosquedelcicloverde.mx\\\/2025-26\\\/nuestra-historia\\\/\",\"name\":\"Nuestra Historia - El Bosque del Ciclo Verde\",\"isPartOf\":{\"@id\":\"https:\\\/\\\/elbosquedelcicloverde.mx\\\/2025-26\\\/#website\"},\"primaryImageOfPage\":{\"@id\":\"https:\\\/\\\/elbosquedelcicloverde.mx\\\/2025-26\\\/nuestra-historia\\\/#primaryimage\"},\"image\":{\"@id\":\"https:\\\/\\\/elbosquedelcicloverde.mx\\\/2025-26\\\/nuestra-historia\\\/#primaryimage\"},\"thumbnailUrl\":\"https:\\\/\\\/elbosquedelcicloverde.mx\\\/2025-26\\\/wp-content\\\/uploads\\\/elementor\\\/thumbs\\\/premio-innovacion-odl7erwd234q02bgrxa7yi7iqzk0vp753dpcwti2vc.png\",\"datePublished\":\"2019-09-26T23:48:10+00:00\",\"dateModified\":\"2025-10-01T01:13:46+00:00\",\"breadcrumb\":{\"@id\":\"https:\\\/\\\/elbosquedelcicloverde.mx\\\/2025-26\\\/nuestra-historia\\\/#breadcrumb\"},\"inLanguage\":\"es\",\"potentialAction\":[{\"@type\":\"ReadAction\",\"target\":[\"https:\\\/\\\/elbosquedelcicloverde.mx\\\/2025-26\\\/nuestra-historia\\\/\"]}]},{\"@type\":\"ImageObject\",\"inLanguage\":\"es\",\"@id\":\"https:\\\/\\\/elbosquedelcicloverde.mx\\\/2025-26\\\/nuestra-historia\\\/#primaryimage\",\"url\":\"https:\\\/\\\/elbosquedelcicloverde.mx\\\/2025-26\\\/wp-content\\\/uploads\\\/elementor\\\/thumbs\\\/premio-innovacion-odl7erwd234q02bgrxa7yi7iqzk0vp753dpcwti2vc.png\",\"contentUrl\":\"https:\\\/\\\/elbosquedelcicloverde.mx\\\/2025-26\\\/wp-content\\\/uploads\\\/elementor\\\/thumbs\\\/premio-innovacion-odl7erwd234q02bgrxa7yi7iqzk0vp753dpcwti2vc.png\"},{\"@type\":\"BreadcrumbList\",\"@id\":\"https:\\\/\\\/elbosquedelcicloverde.mx\\\/2025-26\\\/nuestra-historia\\\/#breadcrumb\",\"itemListElement\":[{\"@type\":\"ListItem\",\"position\":1,\"name\":\"Portada\",\"item\":\"https:\\\/\\\/elbosquedelcicloverde.mx\\\/2025-26\\\/\"},{\"@type\":\"ListItem\",\"position\":2,\"name\":\"Nuestra Historia\"}]},{\"@type\":\"WebSite\",\"@id\":\"https:\\\/\\\/elbosquedelcicloverde.mx\\\/2025-26\\\/#website\",\"url\":\"https:\\\/\\\/elbosquedelcicloverde.mx\\\/2025-26\\\/\",\"name\":\"El Bosque del Ciclo Verde\",\"description\":\"La M\u00e1xima Experiencia de la Navidad\",\"publisher\":{\"@id\":\"https:\\\/\\\/elbosquedelcicloverde.mx\\\/2025-26\\\/#organization\"},\"potentialAction\":[{\"@type\":\"SearchAction\",\"target\":{\"@type\":\"EntryPoint\",\"urlTemplate\":\"https:\\\/\\\/elbosquedelcicloverde.mx\\\/2025-26\\\/?s={search_term_string}\"},\"query-input\":{\"@type\":\"PropertyValueSpecification\",\"valueRequired\":true,\"valueName\":\"search_term_string\"}}],\"inLanguage\":\"es\"},{\"@type\":\"Organization\",\"@id\":\"https:\\\/\\\/elbosquedelcicloverde.mx\\\/2025-26\\\/#organization\",\"name\":\"El Bosque del Ciclo Verde\",\"url\":\"https:\\\/\\\/elbosquedelcicloverde.mx\\\/2025-26\\\/\",\"logo\":{\"@type\":\"ImageObject\",\"inLanguage\":\"es\",\"@id\":\"https:\\\/\\\/elbosquedelcicloverde.mx\\\/2025-26\\\/#\\\/schema\\\/logo\\\/image\\\/\",\"url\":\"https:\\\/\\\/i0.wp.com\\\/elbosquedelcicloverde.mx\\\/2025-26\\\/wp-content\\\/uploads\\\/2019\\\/09\\\/cropped-logoBCVslide2-300x167.png?fit=300%2C167&ssl=1\",\"contentUrl\":\"https:\\\/\\\/i0.wp.com\\\/elbosquedelcicloverde.mx\\\/2025-26\\\/wp-content\\\/uploads\\\/2019\\\/09\\\/cropped-logoBCVslide2-300x167.png?fit=300%2C167&ssl=1\",\"width\":300,\"height\":167,\"caption\":\"El Bosque del Ciclo Verde\"},\"image\":{\"@id\":\"https:\\\/\\\/elbosquedelcicloverde.mx\\\/2025-26\\\/#\\\/schema\\\/logo\\\/image\\\/\"},\"sameAs\":[\"http:\\\/\\\/www.facebook.com\\\/bosquecicloverd\",\"https:\\\/\\\/x.com\\\/bosquecicloverd\",\"http:\\\/\\\/www.instagram.com\\\/bosquecicloverd\",\"https:\\\/\\\/www.youtube.com\\\/channel\\\/UCv2JzTGpmMfks16MO_0O34w\"]}]}<\/script>\n<!-- \/ Yoast SEO plugin. -->","yoast_head_json":{"title":"Nuestra Historia - El Bosque del Ciclo Verde","robots":{"index":"index","follow":"follow","max-snippet":"max-snippet:-1","max-image-preview":"max-image-preview:large","max-video-preview":"max-video-preview:-1"},"canonical":"https:\/\/elbosquedelcicloverde.mx\/2025-26\/nuestra-historia\/","og_locale":"es_ES","og_type":"article","og_title":"Nuestra Historia - El Bosque del Ciclo Verde","og_description":"Nuestra Historia Despu\u00e9s de revisar distintos factores t\u00e9cnicos y de impacto enfocado hacia la sustentabilidad, hemos sido galardonados con este premio. El cuidadoso manejo del bosque, hizo a Ciclo Verde acreedor al Premio Nacional Forestal, galard\u00f3n que avala la sustentabilidad de la plantaci\u00f3n y la calidad de nuestros \u00e1rboles. El Ciclo Verde como empresa familiar [&hellip;]","og_url":"https:\/\/elbosquedelcicloverde.mx\/2025-26\/nuestra-historia\/","og_site_name":"El Bosque del Ciclo Verde","article_publisher":"http:\/\/www.facebook.com\/bosquecicloverd","article_modified_time":"2025-10-01T01:13:46+00:00","og_image":[{"url":"https:\/\/elbosquedelcicloverde.mx\/2025-26\/wp-content\/uploads\/elementor\/thumbs\/premio-innovacion-odl7erwd234q02bgrxa7yi7iqzk0vp753dpcwti2vc.png","type":"","width":"","height":""}],"twitter_card":"summary_large_image","twitter_site":"@bosquecicloverd","twitter_misc":{"Tiempo de lectura":"2 minutos"},"schema":{"@context":"https:\/\/schema.org","@graph":[{"@type":"WebPage","@id":"https:\/\/elbosquedelcicloverde.mx\/2025-26\/nuestra-historia\/","url":"https:\/\/elbosquedelcicloverde.mx\/2025-26\/nuestra-historia\/","name":"Nuestra Historia - El Bosque del Ciclo Verde","isPartOf":{"@id":"https:\/\/elbosquedelcicloverde.mx\/2025-26\/#website"},"primaryImageOfPage":{"@id":"https:\/\/elbosquedelcicloverde.mx\/2025-26\/nuestra-historia\/#primaryimage"},"image":{"@id":"https:\/\/elbosquedelcicloverde.mx\/2025-26\/nuestra-historia\/#primaryimage"},"thumbnailUrl":"https:\/\/elbosquedelcicloverde.mx\/2025-26\/wp-content\/uploads\/elementor\/thumbs\/premio-innovacion-odl7erwd234q02bgrxa7yi7iqzk0vp753dpcwti2vc.png","datePublished":"2019-09-26T23:48:10+00:00","dateModified":"2025-10-01T01:13:46+00:00","breadcrumb":{"@id":"https:\/\/elbosquedelcicloverde.mx\/2025-26\/nuestra-historia\/#breadcrumb"},"inLanguage":"es","potentialAction":[{"@type":"ReadAction","target":["https:\/\/elbosquedelcicloverde.mx\/2025-26\/nuestra-historia\/"]}]},{"@type":"ImageObject","inLanguage":"es","@id":"https:\/\/elbosquedelcicloverde.mx\/2025-26\/nuestra-historia\/#primaryimage","url":"https:\/\/elbosquedelcicloverde.mx\/2025-26\/wp-content\/uploads\/elementor\/thumbs\/premio-innovacion-odl7erwd234q02bgrxa7yi7iqzk0vp753dpcwti2vc.png","contentUrl":"https:\/\/elbosquedelcicloverde.mx\/2025-26\/wp-content\/uploads\/elementor\/thumbs\/premio-innovacion-odl7erwd234q02bgrxa7yi7iqzk0vp753dpcwti2vc.png"},{"@type":"BreadcrumbList","@id":"https:\/\/elbosquedelcicloverde.mx\/2025-26\/nuestra-historia\/#breadcrumb","itemListElement":[{"@type":"ListItem","position":1,"name":"Portada","item":"https:\/\/elbosquedelcicloverde.mx\/2025-26\/"},{"@type":"ListItem","position":2,"name":"Nuestra Historia"}]},{"@type":"WebSite","@id":"https:\/\/elbosquedelcicloverde.mx\/2025-26\/#website","url":"https:\/\/elbosquedelcicloverde.mx\/2025-26\/","name":"El Bosque del Ciclo Verde","description":"La M\u00e1xima Experiencia de la Navidad","publisher":{"@id":"https:\/\/elbosquedelcicloverde.mx\/2025-26\/#organization"},"potentialAction":[{"@type":"SearchAction","target":{"@type":"EntryPoint","urlTemplate":"https:\/\/elbosquedelcicloverde.mx\/2025-26\/?s={search_term_string}"},"query-input":{"@type":"PropertyValueSpecification","valueRequired":true,"valueName":"search_term_string"}}],"inLanguage":"es"},{"@type":"Organization","@id":"https:\/\/elbosquedelcicloverde.mx\/2025-26\/#organization","name":"El Bosque del Ciclo Verde","url":"https:\/\/elbosquedelcicloverde.mx\/2025-26\/","logo":{"@type":"ImageObject","inLanguage":"es","@id":"https:\/\/elbosquedelcicloverde.mx\/2025-26\/#\/schema\/logo\/image\/","url":"https:\/\/i0.wp.com\/elbosquedelcicloverde.mx\/2025-26\/wp-content\/uploads\/2019\/09\/cropped-logoBCVslide2-300x167.png?fit=300%2C167&ssl=1","contentUrl":"https:\/\/i0.wp.com\/elbosquedelcicloverde.mx\/2025-26\/wp-content\/uploads\/2019\/09\/cropped-logoBCVslide2-300x167.png?fit=300%2C167&ssl=1","width":300,"height":167,"caption":"El Bosque del Ciclo Verde"},"image":{"@id":"https:\/\/elbosquedelcicloverde.mx\/2025-26\/#\/schema\/logo\/image\/"},"sameAs":["http:\/\/www.facebook.com\/bosquecicloverd","https:\/\/x.com\/bosquecicloverd","http:\/\/www.instagram.com\/bosquecicloverd","https:\/\/www.youtube.com\/channel\/UCv2JzTGpmMfks16MO_0O34w"]}]}},"_links":{"self":[{"href":"https:\/\/elbosquedelcicloverde.mx\/2025-26\/wp-json\/wp\/v2\/pages\/974","targetHints":{"allow":["GET"]}}],"collection":[{"href":"https:\/\/elbosquedelcicloverde.mx\/2025-26\/wp-json\/wp\/v2\/pages"}],"about":[{"href":"https:\/\/elbosquedelcicloverde.mx\/2025-26\/wp-json\/wp\/v2\/types\/page"}],"author":[{"embeddable":true,"href":"https:\/\/elbosquedelcicloverde.mx\/2025-26\/wp-json\/wp\/v2\/users\/2"}],"replies":[{"embeddable":true,"href":"https:\/\/elbosquedelcicloverde.mx\/2025-26\/wp-json\/wp\/v2\/comments?post=974"}],"version-history":[{"count":72,"href":"https:\/\/elbosquedelcicloverde.mx\/2025-26\/wp-json\/wp\/v2\/pages\/974\/revisions"}],"predecessor-version":[{"id":40650,"href":"https:\/\/elbosquedelcicloverde.mx\/2025-26\/wp-json\/wp\/v2\/pages\/974\/revisions\/40650"}],"wp:attachment":[{"href":"https:\/\/elbosquedelcicloverde.mx\/2025-26\/wp-json\/wp\/v2\/media?parent=974"}],"curies":[{"name":"wp","href":"https:\/\/api.w.org\/{rel}","templated":true}]}}