{"id":1832,"date":"2019-10-14T20:02:19","date_gmt":"2019-10-15T01:02:19","guid":{"rendered":"https:\/\/elbosquedelcicloverde.mx\/2025-26\/?page_id=1832"},"modified":"2025-09-30T18:08:37","modified_gmt":"2025-10-01T00:08:37","slug":"politicasdeusoyreembolso","status":"publish","type":"page","link":"https:\/\/elbosquedelcicloverde.mx\/2025-26\/politicasdeusoyreembolso\/","title":{"rendered":"T\u00e9rminos y condiciones de uso y reembolso de boletos"},"content":{"rendered":"\t\t<div data-elementor-type=\"wp-page\" data-elementor-id=\"1832\" class=\"elementor elementor-1832\" data-elementor-post-type=\"page\">\n\t\t\t\t\t\t<section class=\"elementor-section elementor-top-section elementor-element elementor-element-8e8ef59 elementor-section-boxed elementor-section-height-default elementor-section-height-default\" data-id=\"8e8ef59\" data-element_type=\"section\" data-e-type=\"section\">\n\t\t\t\t\t\t<div class=\"elementor-container elementor-column-gap-default\">\n\t\t\t\t\t<div class=\"elementor-column elementor-col-100 elementor-top-column elementor-element elementor-element-ee6c45d\" data-id=\"ee6c45d\" data-element_type=\"column\" data-e-type=\"column\">\n\t\t\t<div class=\"elementor-widget-wrap elementor-element-populated\">\n\t\t\t\t\t\t<div class=\"elementor-element elementor-element-1f6edcb elementor-widget elementor-widget-text-editor\" data-id=\"1f6edcb\" data-element_type=\"widget\" data-e-type=\"widget\" data-widget_type=\"text-editor.default\">\n\t\t\t\t<div class=\"elementor-widget-container\">\n\t\t\t\t\t\t\t\t\t<p><strong>\u00a0<\/strong><\/p><p><strong>\u00a0<\/strong><\/p><p><strong>T\u00e9rminos y Condiciones de Uso y Reembolso de Boletos 2025<\/strong><\/p><p>El presente documento establece las condiciones de uso de los boletos adquiridos para el acceso a El Bosque del Ciclo Verde, operado por \u00a0CAVI821028CJ4 y\u00a0 LOCA050309ED1. Le pedimos leer cuidadosamente la siguiente informaci\u00f3n.<\/p><p><strong>Validez de los boletos:<\/strong><\/p><ul><li>Cada boleto es v\u00e1lido \u00fanicamente para el d\u00eda se\u00f1alado en su compra.<br \/>\u2022 En caso de p\u00e9rdida, robo o no utilizaci\u00f3n en la fecha indicada, el boleto no podr\u00e1 ser reemplazado ni reembolsado.<\/li><\/ul><p><strong>Venta y uso:<\/strong><\/p><ul><li>\u00danicamente los boletos emitidos directamente por CAVI821028CJ4 y LOCA050309ED1 son aceptados.<br \/>\u2022 La reventa de boletos est\u00e1 estrictamente prohibida.<br \/>\u2022 El uso del boleto autoriza a CAVI821028CJ4 y\u00a0 LOCA050309ED1 realizar filmaciones o fotograf\u00edas dentro de las instalaciones con fines promocionales, sin que ello genere derecho a pago o compensaci\u00f3n, conforme a nuestro Aviso de Privacidad disponible en: https:\/\/elbosquedelcicloverde.mx\/2025-26<\/li><\/ul><p><strong>Reglamento y seguridad:<\/strong><\/p><ul><li>Todos los visitantes deben atender las indicaciones del personal y respetar el reglamento del parque.<br \/>\u2022 Est\u00e1 prohibido ingresar con animales sin correa, as\u00ed como con objetos peligrosos o sustancias ilegales.<br \/>\u2022 Algunas experiencias y atracciones espec\u00edficas pueden implicar cargos adicionales.<\/li><\/ul><p>\u00a0<\/p><p><strong>\u00a0<\/strong><\/p><p><strong>\u00a0<\/strong><\/p><p><strong>\u00a0<\/strong><\/p><p><strong>Incumplimiento:<\/strong><\/p><ul><li>El incumplimiento de estas reglas dar\u00e1 lugar a la expulsi\u00f3n de las instalaciones sin derecho a reembolso.<br \/>\u2022 A solicitud del visitante, puede entregarse una copia del reglamento interno del parque.<\/li><\/ul><p><strong>Reingreso:<\/strong><\/p><ul><li>La salida del parque y posterior reingreso requiere la compra de un nuevo boleto de entrada.<\/li><\/ul><p><strong>Actualizaci\u00f3n:<\/strong><\/p><p>El Bosque del Ciclo Verde se reserva el derecho de modificar estos T\u00e9rminos y Condiciones para adaptarse a cambios operativos o legales. Las actualizaciones estar\u00e1n disponibles en nuestra p\u00e1gina oficial: https:\/\/elbosquedelcicloverde.mx\/2025-26<br \/><br \/>\u00daltima actualizaci\u00f3n: septiembre 2025.<\/p><p>\u00a0<\/p>\t\t\t\t\t\t\t\t<\/div>\n\t\t\t\t<\/div>\n\t\t\t\t<div class=\"elementor-element elementor-element-0930a1f elementor-align-center elementor-widget elementor-widget-button\" data-id=\"0930a1f\" data-element_type=\"widget\" data-e-type=\"widget\" data-widget_type=\"button.default\">\n\t\t\t\t<div class=\"elementor-widget-container\">\n\t\t\t\t\t\t\t\t\t<div class=\"elementor-button-wrapper\">\n\t\t\t\t\t<a class=\"elementor-button elementor-button-link elementor-size-sm\" href=\"https:\/\/elbosquedelcicloverde.mx\/2025-26\/wp-content\/uploads\/2019\/10\/TERMINOS-Y-CONDICIONES-DE-USO-Y-REEMBOLSO-DE-BOLETOS.pdf\" target=\"_blank\">\n\t\t\t\t\t\t<span class=\"elementor-button-content-wrapper\">\n\t\t\t\t\t\t<span class=\"elementor-button-icon\">\n\t\t\t\t<i aria-hidden=\"true\" class=\"far fa-arrow-alt-circle-down\"><\/i>\t\t\t<\/span>\n\t\t\t\t\t\t\t\t\t<span class=\"elementor-button-text\">Descargar<\/span>\n\t\t\t\t\t<\/span>\n\t\t\t\t\t<\/a>\n\t\t\t\t<\/div>\n\t\t\t\t\t\t\t\t<\/div>\n\t\t\t\t<\/div>\n\t\t\t\t\t<\/div>\n\t\t<\/div>\n\t\t\t\t\t<\/div>\n\t\t<\/section>\n\t\t\t\t<\/div>\n\t\t","protected":false},"excerpt":{"rendered":"<p>\u00a0 \u00a0 T\u00e9rminos y Condiciones de Uso y Reembolso de Boletos 2025 El presente documento establece las condiciones de uso de los boletos adquiridos para el acceso a El Bosque del Ciclo Verde, operado por \u00a0CAVI821028CJ4 y\u00a0 LOCA050309ED1. Le pedimos leer cuidadosamente la siguiente informaci\u00f3n. Validez de los boletos: Cada boleto es v\u00e1lido \u00fanicamente para [&hellip;]<\/p>\n","protected":false},"author":2,"featured_media":0,"parent":0,"menu_order":0,"comment_status":"closed","ping_status":"closed","template":"","meta":{"_joinchat":[],"footnotes":""},"class_list":["post-1832","page","type-page","status-publish","hentry"],"yoast_head":"<!-- This site is optimized with the Yoast SEO plugin v27.3 - https:\/\/yoast.com\/product\/yoast-seo-wordpress\/ -->\n<title>T\u00e9rminos y condiciones de uso y reembolso de boletos - El Bosque del Ciclo Verde<\/title>\n<meta name=\"robots\" content=\"index, follow, max-snippet:-1, max-image-preview:large, max-video-preview:-1\" \/>\n<link rel=\"canonical\" href=\"https:\/\/elbosquedelcicloverde.mx\/2025-26\/politicasdeusoyreembolso\/\" \/>\n<meta property=\"og:locale\" content=\"es_ES\" \/>\n<meta property=\"og:type\" content=\"article\" \/>\n<meta property=\"og:title\" content=\"T\u00e9rminos y condiciones de uso y reembolso de boletos - El Bosque del Ciclo Verde\" \/>\n<meta property=\"og:description\" content=\"\u00a0 \u00a0 T\u00e9rminos y Condiciones de Uso y Reembolso de Boletos 2025 El presente documento establece las condiciones de uso de los boletos adquiridos para el acceso a El Bosque del Ciclo Verde, operado por \u00a0CAVI821028CJ4 y\u00a0 LOCA050309ED1. Le pedimos leer cuidadosamente la siguiente informaci\u00f3n. Validez de los boletos: Cada boleto es v\u00e1lido \u00fanicamente para [&hellip;]\" \/>\n<meta property=\"og:url\" content=\"https:\/\/elbosquedelcicloverde.mx\/2025-26\/politicasdeusoyreembolso\/\" \/>\n<meta property=\"og:site_name\" content=\"El Bosque del Ciclo Verde\" \/>\n<meta property=\"article:publisher\" content=\"http:\/\/www.facebook.com\/bosquecicloverd\" \/>\n<meta property=\"article:modified_time\" content=\"2025-10-01T00:08:37+00:00\" \/>\n<meta name=\"twitter:card\" content=\"summary_large_image\" \/>\n<meta name=\"twitter:site\" content=\"@bosquecicloverd\" \/>\n<meta name=\"twitter:label1\" content=\"Tiempo de lectura\" \/>\n\t<meta name=\"twitter:data1\" content=\"2 minutos\" \/>\n<script type=\"application\/ld+json\" class=\"yoast-schema-graph\">{\"@context\":\"https:\\\/\\\/schema.org\",\"@graph\":[{\"@type\":\"WebPage\",\"@id\":\"https:\\\/\\\/elbosquedelcicloverde.mx\\\/2025-26\\\/politicasdeusoyreembolso\\\/\",\"url\":\"https:\\\/\\\/elbosquedelcicloverde.mx\\\/2025-26\\\/politicasdeusoyreembolso\\\/\",\"name\":\"T\u00e9rminos y condiciones de uso y reembolso de boletos - El Bosque del Ciclo Verde\",\"isPartOf\":{\"@id\":\"https:\\\/\\\/elbosquedelcicloverde.mx\\\/2025-26\\\/#website\"},\"datePublished\":\"2019-10-15T01:02:19+00:00\",\"dateModified\":\"2025-10-01T00:08:37+00:00\",\"breadcrumb\":{\"@id\":\"https:\\\/\\\/elbosquedelcicloverde.mx\\\/2025-26\\\/politicasdeusoyreembolso\\\/#breadcrumb\"},\"inLanguage\":\"es\",\"potentialAction\":[{\"@type\":\"ReadAction\",\"target\":[\"https:\\\/\\\/elbosquedelcicloverde.mx\\\/2025-26\\\/politicasdeusoyreembolso\\\/\"]}]},{\"@type\":\"BreadcrumbList\",\"@id\":\"https:\\\/\\\/elbosquedelcicloverde.mx\\\/2025-26\\\/politicasdeusoyreembolso\\\/#breadcrumb\",\"itemListElement\":[{\"@type\":\"ListItem\",\"position\":1,\"name\":\"Portada\",\"item\":\"https:\\\/\\\/elbosquedelcicloverde.mx\\\/2025-26\\\/\"},{\"@type\":\"ListItem\",\"position\":2,\"name\":\"T\u00e9rminos y condiciones de uso y reembolso de boletos\"}]},{\"@type\":\"WebSite\",\"@id\":\"https:\\\/\\\/elbosquedelcicloverde.mx\\\/2025-26\\\/#website\",\"url\":\"https:\\\/\\\/elbosquedelcicloverde.mx\\\/2025-26\\\/\",\"name\":\"El Bosque del Ciclo Verde\",\"description\":\"La M\u00e1xima Experiencia de la Navidad\",\"publisher\":{\"@id\":\"https:\\\/\\\/elbosquedelcicloverde.mx\\\/2025-26\\\/#organization\"},\"potentialAction\":[{\"@type\":\"SearchAction\",\"target\":{\"@type\":\"EntryPoint\",\"urlTemplate\":\"https:\\\/\\\/elbosquedelcicloverde.mx\\\/2025-26\\\/?s={search_term_string}\"},\"query-input\":{\"@type\":\"PropertyValueSpecification\",\"valueRequired\":true,\"valueName\":\"search_term_string\"}}],\"inLanguage\":\"es\"},{\"@type\":\"Organization\",\"@id\":\"https:\\\/\\\/elbosquedelcicloverde.mx\\\/2025-26\\\/#organization\",\"name\":\"El Bosque del Ciclo Verde\",\"url\":\"https:\\\/\\\/elbosquedelcicloverde.mx\\\/2025-26\\\/\",\"logo\":{\"@type\":\"ImageObject\",\"inLanguage\":\"es\",\"@id\":\"https:\\\/\\\/elbosquedelcicloverde.mx\\\/2025-26\\\/#\\\/schema\\\/logo\\\/image\\\/\",\"url\":\"https:\\\/\\\/i0.wp.com\\\/elbosquedelcicloverde.mx\\\/2025-26\\\/wp-content\\\/uploads\\\/2019\\\/09\\\/cropped-logoBCVslide2-300x167.png?fit=300%2C167&ssl=1\",\"contentUrl\":\"https:\\\/\\\/i0.wp.com\\\/elbosquedelcicloverde.mx\\\/2025-26\\\/wp-content\\\/uploads\\\/2019\\\/09\\\/cropped-logoBCVslide2-300x167.png?fit=300%2C167&ssl=1\",\"width\":300,\"height\":167,\"caption\":\"El Bosque del Ciclo Verde\"},\"image\":{\"@id\":\"https:\\\/\\\/elbosquedelcicloverde.mx\\\/2025-26\\\/#\\\/schema\\\/logo\\\/image\\\/\"},\"sameAs\":[\"http:\\\/\\\/www.facebook.com\\\/bosquecicloverd\",\"https:\\\/\\\/x.com\\\/bosquecicloverd\",\"http:\\\/\\\/www.instagram.com\\\/bosquecicloverd\",\"https:\\\/\\\/www.youtube.com\\\/channel\\\/UCv2JzTGpmMfks16MO_0O34w\"]}]}<\/script>\n<!-- \/ Yoast SEO plugin. -->","yoast_head_json":{"title":"T\u00e9rminos y condiciones de uso y reembolso de boletos - El Bosque del Ciclo Verde","robots":{"index":"index","follow":"follow","max-snippet":"max-snippet:-1","max-image-preview":"max-image-preview:large","max-video-preview":"max-video-preview:-1"},"canonical":"https:\/\/elbosquedelcicloverde.mx\/2025-26\/politicasdeusoyreembolso\/","og_locale":"es_ES","og_type":"article","og_title":"T\u00e9rminos y condiciones de uso y reembolso de boletos - El Bosque del Ciclo Verde","og_description":"\u00a0 \u00a0 T\u00e9rminos y Condiciones de Uso y Reembolso de Boletos 2025 El presente documento establece las condiciones de uso de los boletos adquiridos para el acceso a El Bosque del Ciclo Verde, operado por \u00a0CAVI821028CJ4 y\u00a0 LOCA050309ED1. Le pedimos leer cuidadosamente la siguiente informaci\u00f3n. Validez de los boletos: Cada boleto es v\u00e1lido \u00fanicamente para [&hellip;]","og_url":"https:\/\/elbosquedelcicloverde.mx\/2025-26\/politicasdeusoyreembolso\/","og_site_name":"El Bosque del Ciclo Verde","article_publisher":"http:\/\/www.facebook.com\/bosquecicloverd","article_modified_time":"2025-10-01T00:08:37+00:00","twitter_card":"summary_large_image","twitter_site":"@bosquecicloverd","twitter_misc":{"Tiempo de lectura":"2 minutos"},"schema":{"@context":"https:\/\/schema.org","@graph":[{"@type":"WebPage","@id":"https:\/\/elbosquedelcicloverde.mx\/2025-26\/politicasdeusoyreembolso\/","url":"https:\/\/elbosquedelcicloverde.mx\/2025-26\/politicasdeusoyreembolso\/","name":"T\u00e9rminos y condiciones de uso y reembolso de boletos - El Bosque del Ciclo Verde","isPartOf":{"@id":"https:\/\/elbosquedelcicloverde.mx\/2025-26\/#website"},"datePublished":"2019-10-15T01:02:19+00:00","dateModified":"2025-10-01T00:08:37+00:00","breadcrumb":{"@id":"https:\/\/elbosquedelcicloverde.mx\/2025-26\/politicasdeusoyreembolso\/#breadcrumb"},"inLanguage":"es","potentialAction":[{"@type":"ReadAction","target":["https:\/\/elbosquedelcicloverde.mx\/2025-26\/politicasdeusoyreembolso\/"]}]},{"@type":"BreadcrumbList","@id":"https:\/\/elbosquedelcicloverde.mx\/2025-26\/politicasdeusoyreembolso\/#breadcrumb","itemListElement":[{"@type":"ListItem","position":1,"name":"Portada","item":"https:\/\/elbosquedelcicloverde.mx\/2025-26\/"},{"@type":"ListItem","position":2,"name":"T\u00e9rminos y condiciones de uso y reembolso de boletos"}]},{"@type":"WebSite","@id":"https:\/\/elbosquedelcicloverde.mx\/2025-26\/#website","url":"https:\/\/elbosquedelcicloverde.mx\/2025-26\/","name":"El Bosque del Ciclo Verde","description":"La M\u00e1xima Experiencia de la Navidad","publisher":{"@id":"https:\/\/elbosquedelcicloverde.mx\/2025-26\/#organization"},"potentialAction":[{"@type":"SearchAction","target":{"@type":"EntryPoint","urlTemplate":"https:\/\/elbosquedelcicloverde.mx\/2025-26\/?s={search_term_string}"},"query-input":{"@type":"PropertyValueSpecification","valueRequired":true,"valueName":"search_term_string"}}],"inLanguage":"es"},{"@type":"Organization","@id":"https:\/\/elbosquedelcicloverde.mx\/2025-26\/#organization","name":"El Bosque del Ciclo Verde","url":"https:\/\/elbosquedelcicloverde.mx\/2025-26\/","logo":{"@type":"ImageObject","inLanguage":"es","@id":"https:\/\/elbosquedelcicloverde.mx\/2025-26\/#\/schema\/logo\/image\/","url":"https:\/\/i0.wp.com\/elbosquedelcicloverde.mx\/2025-26\/wp-content\/uploads\/2019\/09\/cropped-logoBCVslide2-300x167.png?fit=300%2C167&ssl=1","contentUrl":"https:\/\/i0.wp.com\/elbosquedelcicloverde.mx\/2025-26\/wp-content\/uploads\/2019\/09\/cropped-logoBCVslide2-300x167.png?fit=300%2C167&ssl=1","width":300,"height":167,"caption":"El Bosque del Ciclo Verde"},"image":{"@id":"https:\/\/elbosquedelcicloverde.mx\/2025-26\/#\/schema\/logo\/image\/"},"sameAs":["http:\/\/www.facebook.com\/bosquecicloverd","https:\/\/x.com\/bosquecicloverd","http:\/\/www.instagram.com\/bosquecicloverd","https:\/\/www.youtube.com\/channel\/UCv2JzTGpmMfks16MO_0O34w"]}]}},"_links":{"self":[{"href":"https:\/\/elbosquedelcicloverde.mx\/2025-26\/wp-json\/wp\/v2\/pages\/1832","targetHints":{"allow":["GET"]}}],"collection":[{"href":"https:\/\/elbosquedelcicloverde.mx\/2025-26\/wp-json\/wp\/v2\/pages"}],"about":[{"href":"https:\/\/elbosquedelcicloverde.mx\/2025-26\/wp-json\/wp\/v2\/types\/page"}],"author":[{"embeddable":true,"href":"https:\/\/elbosquedelcicloverde.mx\/2025-26\/wp-json\/wp\/v2\/users\/2"}],"replies":[{"embeddable":true,"href":"https:\/\/elbosquedelcicloverde.mx\/2025-26\/wp-json\/wp\/v2\/comments?post=1832"}],"version-history":[{"count":17,"href":"https:\/\/elbosquedelcicloverde.mx\/2025-26\/wp-json\/wp\/v2\/pages\/1832\/revisions"}],"predecessor-version":[{"id":40599,"href":"https:\/\/elbosquedelcicloverde.mx\/2025-26\/wp-json\/wp\/v2\/pages\/1832\/revisions\/40599"}],"wp:attachment":[{"href":"https:\/\/elbosquedelcicloverde.mx\/2025-26\/wp-json\/wp\/v2\/media?parent=1832"}],"curies":[{"name":"wp","href":"https:\/\/api.w.org\/{rel}","templated":true}]}}